{"id":3,"date":"2025-05-12T14:09:46","date_gmt":"2025-05-12T12:09:46","guid":{"rendered":"http:\/\/www.domainedelepine.fr\/prod\/?page_id=3"},"modified":"2025-05-27T09:02:23","modified_gmt":"2025-05-27T07:02:23","slug":"mentionslegales","status":"publish","type":"page","link":"https:\/\/www.domainedelepine.fr\/index.php\/mentionslegales\/","title":{"rendered":"Mentions l\u00e9gales"},"content":{"rendered":"\n<div style=\"height:40px\" aria-hidden=\"true\" class=\"wp-block-spacer\"><\/div>\n\n\n\n<h1 class=\"wp-block-heading has-text-align-center\" style=\"font-size:40px\">Mentions l\u00e9gales<\/h1>\n\n\n\n<h2 class=\"wp-block-heading has-large-font-size\">Qui sommes-nous&nbsp;?<\/h2>\n\n\n\n<ul class=\"wp-block-list\">\n<li>L\u2019adresse de notre site est&nbsp;: http:\/\/www.domainedelepine.fr<\/li>\n\n\n\n<li>Nom : EURL de l\u2019\u00e9pine<\/li>\n\n\n\n<li>SIRET :<\/li>\n\n\n\n<li>Montant du capital social :<\/li>\n\n\n\n<li>Num\u00e9ro d\u2019identification TVA :<\/li>\n\n\n\n<li>Nom et adresse de l&rsquo;autorit\u00e9 qui a d\u00e9livr\u00e9 l&rsquo;autorisation :<\/li>\n\n\n\n<li>Adresse si\u00e8ge social : Le Buisson Long, 18120 BRINAY<\/li>\n\n\n\n<li>Mail : domainedelepine.elodie@gmail.com<\/li>\n\n\n\n<li>Directeur de la publication :<\/li>\n\n\n\n<li>Responsable de la r\u00e9daction le cas \u00e9ch\u00e9ant :<\/li>\n<\/ul>\n\n\n\n<h3 class=\"wp-block-heading has-large-font-size\">H\u00e9bergeur : <\/h3>\n\n\n\n<ul class=\"wp-block-list\">\n<li>Nom de l\u2019h\u00e9bergeur : OVH<\/li>\n\n\n\n<li>Raison sociale : OVH SAS<\/li>\n\n\n\n<li>L\u2019adresse : 2 rue Kellermann &#8211; 59100 Roubaix &#8211; France<\/li>\n<\/ul>\n\n\n\n<div style=\"height:40px\" aria-hidden=\"true\" class=\"wp-block-spacer\"><\/div>\n\n\n\n<h2 class=\"wp-block-heading has-large-font-size\">M\u00e9dias<\/h2>\n\n\n\n<ul class=\"wp-block-list\">\n<li>Cr\u00e9dit photo : \u00c9lodie Vilpellet, Manon Girard<\/li>\n<\/ul>\n\n\n\n<ul class=\"wp-block-list\">\n<li>L&rsquo;absence de cr\u00e9dit photo, la mention \u00ab&nbsp;DR&nbsp;\u00bb, l&rsquo;appellation marketing de \u00ab&nbsp;libre de droit&nbsp;\u00bb, le montage ou la d\u00e9naturation d&rsquo;une photographie sans l&rsquo;accord de l&rsquo;auteur sont des atteintes au droit d&rsquo;auteur qui ne sont pas admissibles.<\/li>\n<\/ul>\n\n\n\n<div style=\"height:40px\" aria-hidden=\"true\" class=\"wp-block-spacer\"><\/div>\n\n\n\n<h2 class=\"wp-block-heading has-large-font-size\">Utilisation et transmission de vos donn\u00e9es personnelles<\/h2>\n\n\n\n<p>Le Domaine de l\u2019\u00c9pine r\u00e9cup\u00e8re vos donn\u00e9es personnels dans le respect du R\u00e8glement G\u00e9n\u00e9ral sur la Protection des Donn\u00e9es 2016\/679 du 27 avril 2016 (\u00abRGPD\u00bb) et des conditions suivante :<\/p>\n\n\n\n<ul class=\"wp-block-list\">\n<li>En cas de refus, aucune information ne sera enregistr\u00e9e.<\/li>\n<\/ul>\n\n\n\n<p>Nous collectons des donn\u00e9es personnelles uniquement pertinentes, ce qui est n\u00e9cessaire dans la finalit\u00e9 dans lesquelles elles seront utilis\u00e9es. Il ne vous sera jamais demand\u00e9 des informations personnelles dites \u201csensibles\u201d, telles que vos id\u00e9ologies, votre fa\u00e7on de vivre.<\/p>\n\n\n\n<p>Nous collectons vos donn\u00e9es personnelles, si acceptation, dans plusieurs cas :<\/p>\n\n\n\n<ul class=\"wp-block-list\">\n<li>Lorsque vous validez l\u2019\u00e2ge appropri\u00e9 pour naviguer sur le site internet,<\/li>\n\n\n\n<li>Lorsque vous remplissez le formulaire.<\/li>\n<\/ul>\n\n\n\n<p>Quelles donn\u00e9es personnelles sont collect\u00e9es, si acceptation ?<\/p>\n\n\n\n<ul class=\"wp-block-list\">\n<li>Nom, pr\u00e9nom<\/li>\n\n\n\n<li>Mail, num\u00e9ro de t\u00e9l\u00e9phone,<\/li>\n\n\n\n<li>Adresse postale<\/li>\n<\/ul>\n\n\n\n<p>Quelles sont les finalit\u00e9s de la r\u00e9colte de donn\u00e9es ?<\/p>\n\n\n\n<ul class=\"wp-block-list\">\n<li>Les informations sont enregistr\u00e9es dans la base de donn\u00e9es clients. Cela facilite les futurs actions \u00e0 but commerciales (envoie des commandes plus rapide),<\/li>\n\n\n\n<li>Envoie d\u2019offre commerciale pour \u00e9v\u00e9nement (type salon) proche (localisation) de l\u2019adresse postale enregistr\u00e9e,<\/li>\n\n\n\n<li>Envoie mensuelle d\u2019une Newsletter avec possibilit\u00e9s de d\u00e9sabonnement directement inclus.<\/li>\n<\/ul>\n\n\n\n<p style=\"margin-right:20px;margin-left:20px\">Vos donn\u00e9es personnelles ne sont pas susceptibles d\u2019\u00eatre transf\u00e9r\u00e9es \u00e0 un tiers (sauf si demande par mail), ni d\u2019\u00eatre transf\u00e9r\u00e9es hors union europ\u00e9enne.<\/p>\n\n\n\n<div style=\"height:40px\" aria-hidden=\"true\" class=\"wp-block-spacer\"><\/div>\n\n\n\n<h2 class=\"wp-block-heading has-large-font-size\">Dur\u00e9es de stockage de vos donn\u00e9es<\/h2>\n\n\n\n<p style=\"margin-right:20px;margin-left:20px\">Si vous laissez un message, le commentaire et ses m\u00e9tadonn\u00e9es sont conserv\u00e9s ind\u00e9finiment. Cela permet de reconna\u00eetre et approuver automatiquement les commentaires suivants au lieu de les laisser dans la file de mod\u00e9ration.<\/p>\n\n\n\n<p style=\"margin-right:20px;margin-left:20px\">Les informations personnelles collect\u00e9s sont conserv\u00e9es 5 ans minimum s\u2019il n\u2019y a aucune interaction.<\/p>\n\n\n\n<div style=\"height:40px\" aria-hidden=\"true\" class=\"wp-block-spacer\"><\/div>\n\n\n\n<h2 class=\"wp-block-heading has-large-font-size\">Les droits que vous avez sur vos donn\u00e9es<\/h2>\n\n\n\n<p>Droits d&rsquo;acc\u00e8s qui vous permet d&rsquo;acc\u00e9der \u00e0 vos donn\u00e9es, d\u2019en obtenir une copie.<\/p>\n\n\n\n<ul class=\"wp-block-list\">\n<li>Droit d\u2019opposition afin de vous opposer que nous traitions les donn\u00e9es que vous avez communiqu\u00e9es.<\/li>\n\n\n\n<li>Droits de rectifications qui vous permettent de rectifier ou mettre \u00e0 jour vos donn\u00e9es personnelles pr\u00e9c\u00e9demment transmises.<\/li>\n\n\n\n<li>Droit d\u2019effacement afin de pouvoir nous demander de supprimer les donn\u00e9es personnelles que vous nous aviez communiqu\u00e9.<\/li>\n\n\n\n<li>Droit de limitation qui vous permet de nous demander de limiter l\u2019utilisation de vos donn\u00e9es.<\/li>\n\n\n\n<li>Droit de d\u00e9poser plainte aupr\u00e8s du Cnil.<\/li>\n\n\n\n<li>La r\u00e9cup\u00e9ration de vos donn\u00e9es personnelles bas\u00e9s sur le consentement, vous pouvez retirer le consentement en nous contactant par mail : domainedelepine.elodie@gmail.com<\/li>\n\n\n\n<li>Vous pouvez \u00e9galement vous d\u00e9sabonner de notre newsletter mensuelle en cliquant sur le lien de d\u00e9sabonnement.<\/li>\n<\/ul>\n\n\n\n<div style=\"height:40px\" aria-hidden=\"true\" class=\"wp-block-spacer\"><\/div>\n\n\n\n<h2 class=\"wp-block-heading has-large-font-size\">Transmission de vos donn\u00e9es personnelles<\/h2>\n\n\n\n<p style=\"margin-right:20px;margin-left:20px\">Vos donn\u00e9es sont directement collect\u00e9es par le Domaine de l&rsquo;\u00c9pine, nous les r\u00e9ceptionnons directement.<\/p>\n\n\n\n<div style=\"height:40px\" aria-hidden=\"true\" class=\"wp-block-spacer\"><\/div>\n\n\n\n<figure class=\"wp-block-image size-large is-resized\"><img loading=\"lazy\" decoding=\"async\" width=\"1024\" height=\"669\" src=\"https:\/\/www.domainedelepine.fr\/prod\/wp-content\/uploads\/2025\/05\/feader_bloc-marque-complet-1024x669.png\" alt=\"logo feader 2016-2022 obligation d'\u00eatre mentionn\u00e9 (mentions l\u00e9gales)\" class=\"wp-image-711\" style=\"width:144px;height:auto\" srcset=\"https:\/\/www.domainedelepine.fr\/wp-content\/uploads\/2025\/05\/feader_bloc-marque-complet-1024x669.png 1024w, https:\/\/www.domainedelepine.fr\/wp-content\/uploads\/2025\/05\/feader_bloc-marque-complet-300x196.png 300w, https:\/\/www.domainedelepine.fr\/wp-content\/uploads\/2025\/05\/feader_bloc-marque-complet-768x502.png 768w, https:\/\/www.domainedelepine.fr\/wp-content\/uploads\/2025\/05\/feader_bloc-marque-complet-1536x1003.png 1536w, https:\/\/www.domainedelepine.fr\/wp-content\/uploads\/2025\/05\/feader_bloc-marque-complet-2048x1338.png 2048w\" sizes=\"auto, (max-width: 1024px) 100vw, 1024px\" \/><\/figure>\n\n\n\n<div style=\"height:200px\" aria-hidden=\"true\" class=\"wp-block-spacer\"><\/div>\n","protected":false},"excerpt":{"rendered":"<p>Mentions l\u00e9gales Qui sommes-nous&nbsp;? H\u00e9bergeur : M\u00e9dias Utilisation et transmission de vos donn\u00e9es personnelles Le Domaine de l\u2019\u00c9pine r\u00e9cup\u00e8re vos [&hellip;]<\/p>\n","protected":false},"author":1,"featured_media":0,"parent":0,"menu_order":0,"comment_status":"closed","ping_status":"closed","template":"","meta":{"_uag_custom_page_level_css":"","site-sidebar-layout":"default","site-content-layout":"","ast-site-content-layout":"","site-content-style":"default","site-sidebar-style":"default","ast-global-header-display":"","ast-banner-title-visibility":"","ast-main-header-display":"","ast-hfb-above-header-display":"","ast-hfb-below-header-display":"","ast-hfb-mobile-header-display":"","site-post-title":"disabled","ast-breadcrumbs-content":"","ast-featured-img":"","footer-sml-layout":"","ast-disable-related-posts":"","theme-transparent-header-meta":"","adv-header-id-meta":"","stick-header-meta":"","header-above-stick-meta":"","header-main-stick-meta":"","header-below-stick-meta":"","astra-migrate-meta-layouts":"default","ast-page-background-enabled":"default","ast-page-background-meta":{"desktop":{"background-color":"var(--ast-global-color-5)","background-image":"","background-repeat":"repeat","background-position":"center center","background-size":"auto","background-attachment":"scroll","background-type":"","background-media":"","overlay-type":"","overlay-color":"","overlay-opacity":"","overlay-gradient":""},"tablet":{"background-color":"","background-image":"","background-repeat":"repeat","background-position":"center center","background-size":"auto","background-attachment":"scroll","background-type":"","background-media":"","overlay-type":"","overlay-color":"","overlay-opacity":"","overlay-gradient":""},"mobile":{"background-color":"","background-image":"","background-repeat":"repeat","background-position":"center center","background-size":"auto","background-attachment":"scroll","background-type":"","background-media":"","overlay-type":"","overlay-color":"","overlay-opacity":"","overlay-gradient":""}},"ast-content-background-meta":{"desktop":{"background-color":"var(--ast-global-color-4)","background-image":"","background-repeat":"repeat","background-position":"center center","background-size":"auto","background-attachment":"scroll","background-type":"","background-media":"","overlay-type":"","overlay-color":"","overlay-opacity":"","overlay-gradient":""},"tablet":{"background-color":"var(--ast-global-color-4)","background-image":"","background-repeat":"repeat","background-position":"center center","background-size":"auto","background-attachment":"scroll","background-type":"","background-media":"","overlay-type":"","overlay-color":"","overlay-opacity":"","overlay-gradient":""},"mobile":{"background-color":"var(--ast-global-color-4)","background-image":"","background-repeat":"repeat","background-position":"center center","background-size":"auto","background-attachment":"scroll","background-type":"","background-media":"","overlay-type":"","overlay-color":"","overlay-opacity":"","overlay-gradient":""}},"footnotes":""},"class_list":["post-3","page","type-page","status-publish","hentry"],"yoast_head":"<!-- This site is optimized with the Yoast SEO plugin v26.9 - https:\/\/yoast.com\/product\/yoast-seo-wordpress\/ -->\n<title>Mentions l\u00e9gales -<\/title>\n<meta name=\"description\" content=\"Consultez nos mentions l\u00e9gales pour conna\u00eetre vos droits et obligations. Informations l\u00e9gales et conditions d&#039;utilisation de notre site web.\" \/>\n<meta name=\"robots\" content=\"index, follow, max-snippet:-1, max-image-preview:large, max-video-preview:-1\" \/>\n<link rel=\"canonical\" href=\"https:\/\/www.domainedelepine.fr\/index.php\/mentionslegales\/\" \/>\n<meta property=\"og:locale\" content=\"fr_FR\" \/>\n<meta property=\"og:type\" content=\"article\" \/>\n<meta property=\"og:title\" content=\"Mentions l\u00e9gales -\" \/>\n<meta property=\"og:description\" content=\"Consultez nos mentions l\u00e9gales pour conna\u00eetre vos droits et obligations. Informations l\u00e9gales et conditions d&#039;utilisation de notre site web.\" \/>\n<meta property=\"og:url\" content=\"https:\/\/www.domainedelepine.fr\/index.php\/mentionslegales\/\" \/>\n<meta property=\"article:modified_time\" content=\"2025-05-27T07:02:23+00:00\" \/>\n<meta property=\"og:image\" content=\"https:\/\/www.domainedelepine.fr\/prod\/wp-content\/uploads\/2025\/05\/feader_bloc-marque-complet-1024x669.png\" \/>\n<meta name=\"twitter:card\" content=\"summary_large_image\" \/>\n<meta name=\"twitter:label1\" content=\"Dur\u00e9e de lecture estim\u00e9e\" \/>\n\t<meta name=\"twitter:data1\" content=\"3 minutes\" \/>\n<script type=\"application\/ld+json\" class=\"yoast-schema-graph\">{\"@context\":\"https:\/\/schema.org\",\"@graph\":[{\"@type\":\"WebPage\",\"@id\":\"https:\/\/www.domainedelepine.fr\/index.php\/mentionslegales\/\",\"url\":\"https:\/\/www.domainedelepine.fr\/index.php\/mentionslegales\/\",\"name\":\"Mentions l\u00e9gales -\",\"isPartOf\":{\"@id\":\"https:\/\/www.domainedelepine.fr\/#website\"},\"primaryImageOfPage\":{\"@id\":\"https:\/\/www.domainedelepine.fr\/index.php\/mentionslegales\/#primaryimage\"},\"image\":{\"@id\":\"https:\/\/www.domainedelepine.fr\/index.php\/mentionslegales\/#primaryimage\"},\"thumbnailUrl\":\"https:\/\/www.domainedelepine.fr\/prod\/wp-content\/uploads\/2025\/05\/feader_bloc-marque-complet-1024x669.png\",\"datePublished\":\"2025-05-12T12:09:46+00:00\",\"dateModified\":\"2025-05-27T07:02:23+00:00\",\"description\":\"Consultez nos mentions l\u00e9gales pour conna\u00eetre vos droits et obligations. Informations l\u00e9gales et conditions d'utilisation de notre site web.\",\"breadcrumb\":{\"@id\":\"https:\/\/www.domainedelepine.fr\/index.php\/mentionslegales\/#breadcrumb\"},\"inLanguage\":\"fr-FR\",\"potentialAction\":[{\"@type\":\"ReadAction\",\"target\":[\"https:\/\/www.domainedelepine.fr\/index.php\/mentionslegales\/\"]}]},{\"@type\":\"ImageObject\",\"inLanguage\":\"fr-FR\",\"@id\":\"https:\/\/www.domainedelepine.fr\/index.php\/mentionslegales\/#primaryimage\",\"url\":\"https:\/\/www.domainedelepine.fr\/wp-content\/uploads\/2025\/05\/feader_bloc-marque-complet.png\",\"contentUrl\":\"https:\/\/www.domainedelepine.fr\/wp-content\/uploads\/2025\/05\/feader_bloc-marque-complet.png\",\"width\":2099,\"height\":1371},{\"@type\":\"BreadcrumbList\",\"@id\":\"https:\/\/www.domainedelepine.fr\/index.php\/mentionslegales\/#breadcrumb\",\"itemListElement\":[{\"@type\":\"ListItem\",\"position\":1,\"name\":\"Accueil\",\"item\":\"https:\/\/www.domainedelepine.fr\/\"},{\"@type\":\"ListItem\",\"position\":2,\"name\":\"Mentions l\u00e9gales\"}]},{\"@type\":\"WebSite\",\"@id\":\"https:\/\/www.domainedelepine.fr\/#website\",\"url\":\"https:\/\/www.domainedelepine.fr\/\",\"name\":\"\",\"description\":\"Domaine de l&#039;\u00c9pine\",\"potentialAction\":[{\"@type\":\"SearchAction\",\"target\":{\"@type\":\"EntryPoint\",\"urlTemplate\":\"https:\/\/www.domainedelepine.fr\/?s={search_term_string}\"},\"query-input\":{\"@type\":\"PropertyValueSpecification\",\"valueRequired\":true,\"valueName\":\"search_term_string\"}}],\"inLanguage\":\"fr-FR\"}]}<\/script>\n<!-- \/ Yoast SEO plugin. -->","yoast_head_json":{"title":"Mentions l\u00e9gales -","description":"Consultez nos mentions l\u00e9gales pour conna\u00eetre vos droits et obligations. Informations l\u00e9gales et conditions d'utilisation de notre site web.","robots":{"index":"index","follow":"follow","max-snippet":"max-snippet:-1","max-image-preview":"max-image-preview:large","max-video-preview":"max-video-preview:-1"},"canonical":"https:\/\/www.domainedelepine.fr\/index.php\/mentionslegales\/","og_locale":"fr_FR","og_type":"article","og_title":"Mentions l\u00e9gales -","og_description":"Consultez nos mentions l\u00e9gales pour conna\u00eetre vos droits et obligations. Informations l\u00e9gales et conditions d'utilisation de notre site web.","og_url":"https:\/\/www.domainedelepine.fr\/index.php\/mentionslegales\/","article_modified_time":"2025-05-27T07:02:23+00:00","og_image":[{"url":"https:\/\/www.domainedelepine.fr\/prod\/wp-content\/uploads\/2025\/05\/feader_bloc-marque-complet-1024x669.png","type":"","width":"","height":""}],"twitter_card":"summary_large_image","twitter_misc":{"Dur\u00e9e de lecture estim\u00e9e":"3 minutes"},"schema":{"@context":"https:\/\/schema.org","@graph":[{"@type":"WebPage","@id":"https:\/\/www.domainedelepine.fr\/index.php\/mentionslegales\/","url":"https:\/\/www.domainedelepine.fr\/index.php\/mentionslegales\/","name":"Mentions l\u00e9gales -","isPartOf":{"@id":"https:\/\/www.domainedelepine.fr\/#website"},"primaryImageOfPage":{"@id":"https:\/\/www.domainedelepine.fr\/index.php\/mentionslegales\/#primaryimage"},"image":{"@id":"https:\/\/www.domainedelepine.fr\/index.php\/mentionslegales\/#primaryimage"},"thumbnailUrl":"https:\/\/www.domainedelepine.fr\/prod\/wp-content\/uploads\/2025\/05\/feader_bloc-marque-complet-1024x669.png","datePublished":"2025-05-12T12:09:46+00:00","dateModified":"2025-05-27T07:02:23+00:00","description":"Consultez nos mentions l\u00e9gales pour conna\u00eetre vos droits et obligations. Informations l\u00e9gales et conditions d'utilisation de notre site web.","breadcrumb":{"@id":"https:\/\/www.domainedelepine.fr\/index.php\/mentionslegales\/#breadcrumb"},"inLanguage":"fr-FR","potentialAction":[{"@type":"ReadAction","target":["https:\/\/www.domainedelepine.fr\/index.php\/mentionslegales\/"]}]},{"@type":"ImageObject","inLanguage":"fr-FR","@id":"https:\/\/www.domainedelepine.fr\/index.php\/mentionslegales\/#primaryimage","url":"https:\/\/www.domainedelepine.fr\/wp-content\/uploads\/2025\/05\/feader_bloc-marque-complet.png","contentUrl":"https:\/\/www.domainedelepine.fr\/wp-content\/uploads\/2025\/05\/feader_bloc-marque-complet.png","width":2099,"height":1371},{"@type":"BreadcrumbList","@id":"https:\/\/www.domainedelepine.fr\/index.php\/mentionslegales\/#breadcrumb","itemListElement":[{"@type":"ListItem","position":1,"name":"Accueil","item":"https:\/\/www.domainedelepine.fr\/"},{"@type":"ListItem","position":2,"name":"Mentions l\u00e9gales"}]},{"@type":"WebSite","@id":"https:\/\/www.domainedelepine.fr\/#website","url":"https:\/\/www.domainedelepine.fr\/","name":"","description":"Domaine de l&#039;\u00c9pine","potentialAction":[{"@type":"SearchAction","target":{"@type":"EntryPoint","urlTemplate":"https:\/\/www.domainedelepine.fr\/?s={search_term_string}"},"query-input":{"@type":"PropertyValueSpecification","valueRequired":true,"valueName":"search_term_string"}}],"inLanguage":"fr-FR"}]}},"uagb_featured_image_src":{"full":false,"thumbnail":false,"medium":false,"medium_large":false,"large":false,"1536x1536":false,"2048x2048":false},"uagb_author_info":{"display_name":"domaief","author_link":"https:\/\/www.domainedelepine.fr\/index.php\/author\/domaief\/"},"uagb_comment_info":0,"uagb_excerpt":"Mentions l\u00e9gales Qui sommes-nous&nbsp;? H\u00e9bergeur : M\u00e9dias Utilisation et transmission de vos donn\u00e9es personnelles Le Domaine de l\u2019\u00c9pine r\u00e9cup\u00e8re vos [&hellip;]","_links":{"self":[{"href":"https:\/\/www.domainedelepine.fr\/index.php\/wp-json\/wp\/v2\/pages\/3","targetHints":{"allow":["GET"]}}],"collection":[{"href":"https:\/\/www.domainedelepine.fr\/index.php\/wp-json\/wp\/v2\/pages"}],"about":[{"href":"https:\/\/www.domainedelepine.fr\/index.php\/wp-json\/wp\/v2\/types\/page"}],"author":[{"embeddable":true,"href":"https:\/\/www.domainedelepine.fr\/index.php\/wp-json\/wp\/v2\/users\/1"}],"replies":[{"embeddable":true,"href":"https:\/\/www.domainedelepine.fr\/index.php\/wp-json\/wp\/v2\/comments?post=3"}],"version-history":[{"count":20,"href":"https:\/\/www.domainedelepine.fr\/index.php\/wp-json\/wp\/v2\/pages\/3\/revisions"}],"predecessor-version":[{"id":1051,"href":"https:\/\/www.domainedelepine.fr\/index.php\/wp-json\/wp\/v2\/pages\/3\/revisions\/1051"}],"wp:attachment":[{"href":"https:\/\/www.domainedelepine.fr\/index.php\/wp-json\/wp\/v2\/media?parent=3"}],"curies":[{"name":"wp","href":"https:\/\/api.w.org\/{rel}","templated":true}]}}