{"id":15,"date":"2025-05-12T15:12:38","date_gmt":"2025-05-12T13:12:38","guid":{"rendered":"https:\/\/www.domainedelepine.fr\/prod\/?page_id=15"},"modified":"2026-02-12T17:55:06","modified_gmt":"2026-02-12T16:55:06","slug":"accueil","status":"publish","type":"page","link":"https:\/\/www.domainedelepine.fr\/","title":{"rendered":"Accueil"},"content":{"rendered":"\n<div class=\"wp-block-cover alignfull wp-duotone-unset-1\" style=\"border-style:none;border-width:0px;border-radius:0px;box-shadow:var(--wp--preset--shadow--deep);min-height:442px;aspect-ratio:unset;\"><img loading=\"lazy\" decoding=\"async\" width=\"1024\" height=\"768\" class=\"wp-block-cover__image-background wp-image-136 size-large\" alt=\"Photo de la page d'accueil, vigne un matin\" src=\"https:\/\/www.domainedelepine.fr\/prod\/wp-content\/uploads\/2025\/05\/IMG_2075-1024x768.jpeg\" style=\"object-position:57% 57%\" data-object-fit=\"cover\" data-object-position=\"57% 57%\" srcset=\"https:\/\/www.domainedelepine.fr\/wp-content\/uploads\/2025\/05\/IMG_2075-1024x768.jpeg 1024w, https:\/\/www.domainedelepine.fr\/wp-content\/uploads\/2025\/05\/IMG_2075-300x225.jpeg 300w, https:\/\/www.domainedelepine.fr\/wp-content\/uploads\/2025\/05\/IMG_2075-768x576.jpeg 768w, https:\/\/www.domainedelepine.fr\/wp-content\/uploads\/2025\/05\/IMG_2075-1536x1152.jpeg 1536w, https:\/\/www.domainedelepine.fr\/wp-content\/uploads\/2025\/05\/IMG_2075.jpeg 2048w\" sizes=\"auto, (max-width: 1024px) 100vw, 1024px\" \/><span aria-hidden=\"true\" class=\"wp-block-cover__background has-background-dim-30 has-background-dim\"><\/span><div class=\"wp-block-cover__inner-container is-layout-flow wp-block-cover-is-layout-flow\">\n<div class=\"wp-block-uagb-image uagb-block-d2d43448 wp-block-uagb-image--layout-default wp-block-uagb-image--effect-static wp-block-uagb-image--align-none\"><figure class=\"wp-block-uagb-image__figure\"><img decoding=\"async\" srcset=\"https:\/\/www.domainedelepine.fr\/wp-content\/uploads\/2025\/06\/Plan-de-travail-1.png ,https:\/\/www.domainedelepine.fr\/wp-content\/uploads\/2025\/06\/Plan-de-travail-1.png 780w, https:\/\/www.domainedelepine.fr\/wp-content\/uploads\/2025\/06\/Plan-de-travail-1.png 360w\" sizes=\"auto, (max-width: 480px) 150px\" src=\"https:\/\/www.domainedelepine.fr\/wp-content\/uploads\/2025\/06\/Plan-de-travail-1.png\" alt=\"\" class=\"uag-image-1256\" width=\"250\" height=\"250\" title=\"Plan de travail 1\" loading=\"lazy\" role=\"img\"\/><\/figure><\/div>\n\n\n\n<h2 class=\"wp-block-heading has-text-align-center has-ast-global-color-4-color has-text-color has-link-color wp-elements-bfce0d0cf38e50403d539228161a9007\" style=\"font-size:40px\">Quincy<\/h2>\n<\/div><\/div>\n\n\n\n<div style=\"height:40px\" aria-hidden=\"true\" class=\"wp-block-spacer\"><\/div>\n\n\n\n<div class=\"wp-block-uagb-container uagb-block-be033333 alignfull uagb-is-root-container\"><div class=\"uagb-container-inner-blocks-wrap\">\n<div class=\"wp-block-uagb-container uagb-block-e8b40c20\">\n<figure class=\"wp-block-image size-full\"><img loading=\"lazy\" decoding=\"async\" width=\"768\" height=\"1024\" src=\"https:\/\/www.domainedelepine.fr\/prod\/wp-content\/uploads\/2025\/05\/27052024-DSC_6930-1-1.jpg\" alt=\"Elodie Vilpellet avec un verre de Pr\u00e9face dans la main\" class=\"wp-image-744\" srcset=\"https:\/\/www.domainedelepine.fr\/wp-content\/uploads\/2025\/05\/27052024-DSC_6930-1-1.jpg 768w, https:\/\/www.domainedelepine.fr\/wp-content\/uploads\/2025\/05\/27052024-DSC_6930-1-1-225x300.jpg 225w\" sizes=\"auto, (max-width: 768px) 100vw, 768px\" \/><\/figure>\n<\/div>\n\n\n\n<div class=\"wp-block-uagb-container uagb-block-ec076498\">\n<blockquote class=\"wp-block-quote has-border-color has-ast-global-color-0-border-color is-layout-flow wp-block-quote-is-layout-flow\" style=\"margin-bottom:0px;padding-top:0px;padding-bottom:0px\">\n<p class=\"has-text-align-center\" style=\"margin-right:0px;padding-right:0px;font-size:16px\">Bienvenue \u00e0 Quincy, l\u00e0 o\u00f9 tout a commenc\u00e9 pour moi.<br>Je suis n\u00e9e ici, au c\u0153ur de cette appellation que je connais depuis toujours : le village et ses f\u00eates, les vendanges et ses vignerons. Aujourd\u2019hui, je cultive mes vignes en agriculture biologique, guid\u00e9e par le respect de la terre et du vivant.<\/p>\n\n\n\n<p class=\"has-text-align-center\" style=\"margin-right:0px;padding-right:0px;font-size:16px\">\u00catre vigneronne, ce n\u2019est pas un m\u00e9tier qu\u2019on choisit \u00e0 moiti\u00e9. C\u2019est un m\u00e9tier profond\u00e9ment humain. Il demande de l\u2019attention, de l\u2019exigence, et beaucoup de passion. En retour, il m\u2019a permis de r\u00e9unir ma famille autour d\u2019un projet commun, de trouver ma place au sein d\u2019une appellation dynamique, et de nouer des liens forts avec d\u2019autres vigneronnes avec qui je partage bien plus que des savoir-faire.<\/p>\n\n\n\n<p class=\"has-text-align-center\" style=\"margin-right:0px;padding-right:0px;font-size:16px\">Chaque cuv\u00e9e est un peu de moi : l\u2019expression sinc\u00e8re de mon terroir, sans artifice, fid\u00e8le \u00e0 la puret\u00e9 du Sauvignon. \u00c0 travers ce site, je vous ouvre les portes de mon quotidien, de mes vins, et d\u2019un certain art de vivre fa\u00e7onn\u00e9 par les saisons et les rencontres.<br>Bonne visite, et au plaisir d\u2019\u00e9changer autour d\u2019un verre.<\/p>\n\n\n\n<h6 class=\"wp-block-heading has-text-align-right\" style=\"padding-top:0px;padding-right:35px;padding-bottom:0px;padding-left:35px;font-size:19px\">Elodie Vilpellet<\/h6>\n<\/blockquote>\n\n\n\n<div class=\"wp-block-buttons is-content-justification-center is-layout-flex wp-container-core-buttons-is-layout-a89b3969 wp-block-buttons-is-layout-flex\">\n<div class=\"wp-block-button\"><a class=\"wp-block-button__link wp-element-button\" href=\"https:\/\/www.domainedelepine.fr\/index.php\/histoire\/#ledomaine\">D\u00e9couvrir le domaine<\/a><\/div>\n<\/div>\n<\/div>\n<\/div><\/div>\n\n\n\n<div class=\"wp-block-cover aligncenter\" style=\"min-height:534px;aspect-ratio:unset;\"><span aria-hidden=\"true\" class=\"wp-block-cover__background has-ast-global-color-4-background-color has-background-dim-100 has-background-dim\"><\/span><div class=\"wp-block-cover__inner-container is-layout-flow wp-block-cover-is-layout-flow\">\n<div class=\"wp-block-media-text alignwide has-media-on-the-right is-stacked-on-mobile is-vertically-aligned-center has-white-background-color has-background\" style=\"border-style:none;border-width:0px;grid-template-columns:auto 44%\"><div class=\"wp-block-media-text__content\">\n<h2 class=\"wp-block-heading has-text-color\" style=\"color:#000000;font-size:40px\"><strong>Les vins<\/strong><\/h2>\n\n\n\n<p class=\"has-text-align-center\" style=\"font-size:17px\">Je vous invite \u00e0 d\u00e9couvrir mes quatre cuv\u00e9es en AOC Quincy : <em>Promesse<\/em>, <em>Pr\u00e9face<\/em>, <em>Pr\u00e9lude<\/em> et <em>Pr\u00e9sage<\/em><\/p>\n\n\n\n<p class=\"has-text-align-center\" style=\"font-size:17px\">Ainsi que mes trois cuv\u00e9es en Vin de France : <br><em>Adam<\/em>, <em>Emma<\/em> et <em>Les bulles de Lili<\/em>.<\/p>\n\n\n\n<div class=\"wp-block-buttons is-content-justification-center is-layout-flex wp-container-core-buttons-is-layout-a89b3969 wp-block-buttons-is-layout-flex\">\n<div class=\"wp-block-button is-style-fill\"><a class=\"wp-block-button__link wp-element-button\" href=\"https:\/\/www.domainedelepine.fr\/index.php\/lesvins\/\">D\u00e9couvrir les vins<\/a><\/div>\n<\/div>\n<\/div><figure class=\"wp-block-media-text__media\"><img loading=\"lazy\" decoding=\"async\" width=\"1024\" height=\"768\" src=\"https:\/\/www.domainedelepine.fr\/prod\/wp-content\/uploads\/2025\/05\/Bouteille-quincy-sf-copie.png\" alt=\"Bouteilles de promesse, pr\u00e9face, pr\u00e9lude et pr\u00e9sage\" class=\"wp-image-130 size-full\" srcset=\"https:\/\/www.domainedelepine.fr\/wp-content\/uploads\/2025\/05\/Bouteille-quincy-sf-copie.png 1024w, https:\/\/www.domainedelepine.fr\/wp-content\/uploads\/2025\/05\/Bouteille-quincy-sf-copie-300x225.png 300w, https:\/\/www.domainedelepine.fr\/wp-content\/uploads\/2025\/05\/Bouteille-quincy-sf-copie-768x576.png 768w\" sizes=\"auto, (max-width: 1024px) 100vw, 1024px\" \/><\/figure><\/div>\n<\/div><\/div>\n\n\n\n<div class=\"wp-block-cover aligncenter\" style=\"margin-top:0px;margin-bottom:0px\"><span aria-hidden=\"true\" class=\"wp-block-cover__background has-ast-global-color-4-background-color has-background-dim-100 has-background-dim\"><\/span><div class=\"wp-block-cover__inner-container is-layout-flow wp-block-cover-is-layout-flow\">\n<div class=\"wp-block-media-text alignwide is-stacked-on-mobile is-vertically-aligned-center has-white-background-color has-background\" style=\"border-radius:0px;margin-top:0;margin-bottom:0;padding-top:20px;padding-right:24px;padding-bottom:20px;padding-left:24px;grid-template-columns:42% auto\"><figure class=\"wp-block-media-text__media\"><img loading=\"lazy\" decoding=\"async\" width=\"1024\" height=\"768\" src=\"https:\/\/www.domainedelepine.fr\/prod\/wp-content\/uploads\/2025\/05\/B5A4093-copie-2.jpg\" alt=\"Grappe de raisin quelques jours avant les vendanges\" class=\"wp-image-116 size-full\" srcset=\"https:\/\/www.domainedelepine.fr\/wp-content\/uploads\/2025\/05\/B5A4093-copie-2.jpg 1024w, https:\/\/www.domainedelepine.fr\/wp-content\/uploads\/2025\/05\/B5A4093-copie-2-300x225.jpg 300w, https:\/\/www.domainedelepine.fr\/wp-content\/uploads\/2025\/05\/B5A4093-copie-2-768x576.jpg 768w\" sizes=\"auto, (max-width: 1024px) 100vw, 1024px\" \/><\/figure><div class=\"wp-block-media-text__content\">\n<h2 class=\"wp-block-heading has-text-color\" style=\"color:#000000;font-size:40px\"><strong>Galerie<\/strong><\/h2>\n\n\n\n<p class=\"has-text-align-center\" style=\"font-size:17px\">\u00c0 travers cette galerie, nous partageons un peu de notre quotidien, entre vignes, cave et rencontres.<\/p>\n\n\n\n<p class=\"has-text-align-center\" style=\"font-size:17px\">Bienvenue dans les coulisses de notre domaine !<\/p>\n\n\n\n<div class=\"wp-block-buttons is-content-justification-center is-layout-flex wp-container-core-buttons-is-layout-a89b3969 wp-block-buttons-is-layout-flex\">\n<div class=\"wp-block-button is-style-fill\"><a class=\"wp-block-button__link has-ast-global-color-1-color has-text-color has-link-color wp-element-button\" href=\"https:\/\/www.domainedelepine.fr\/index.php\/galerie\/\">Voir nos photos<\/a><\/div>\n<\/div>\n<\/div><\/div>\n<\/div><\/div>\n\n\n\n<div style=\"height:10px\" aria-hidden=\"true\" class=\"wp-block-spacer\"><\/div>\n\n\n\n<h2 class=\"wp-block-heading has-text-align-center has-ast-global-color-2-color has-text-color has-link-color wp-elements-c2936b2ca0bfd7def5b72352de9dfa87\" style=\"font-size:40px\">#SaveTheDate<\/h2>\n\n\n\n<div class=\"wp-block-uagb-container uagb-block-af507454 alignfull uagb-is-root-container\"><div class=\"uagb-container-inner-blocks-wrap\">\n<div class=\"wp-block-uagb-container uagb-layout-flex uagb-block-1d86620f\">\n<figure style=\"margin-bottom:0px\" class=\"wp-block-video\"><video height=\"720\" style=\"aspect-ratio: 1280 \/ 720;\" width=\"1280\" autoplay loop muted src=\"http:\/\/www.domainedelepine.fr\/wp-content\/uploads\/2025\/05\/Design-sans-titre-1.mp4\" playsinline><\/video><\/figure>\n\n\n\n<h3 class=\"wp-block-heading has-text-align-center\">En F\u00e9vrier<\/h3>\n\n\n\n<p style=\"margin-top:0px;margin-bottom:0px;font-size:14px\"><strong>D\u00e9gustation caviste : Les vins du capitan<br><\/strong>\ud83d\udcc6 Le 20 f\u00e9vrier 2026<br>\ud83d\udccdles vins du capitan, <br>74600 Seynod<\/p>\n\n\n\n<div class=\"wp-block-buttons is-content-justification-center is-layout-flex wp-container-core-buttons-is-layout-a89b3969 wp-block-buttons-is-layout-flex\">\n<div class=\"wp-block-button is-style-outline is-style-outline--2\"><a class=\"wp-block-button__link has-ast-global-color-1-color has-text-color has-link-color wp-element-button\" href=\"https:\/\/www.instagram.com\/lesvinsducapitan\/\">En savoir +<\/a><\/div>\n<\/div>\n<\/div>\n\n\n\n<div class=\"wp-block-uagb-container uagb-block-18af1122\">\n<figure style=\"margin-bottom:0px\" class=\"wp-block-video\"><video height=\"720\" style=\"aspect-ratio: 1280 \/ 720;\" width=\"1280\" autoplay loop muted src=\"http:\/\/www.domainedelepine.fr\/wp-content\/uploads\/2025\/05\/Design-sans-titre-1.mp4\" playsinline><\/video><\/figure>\n\n\n\n<h3 class=\"wp-block-heading has-text-align-center\">En F\u00e9vrier<\/h3>\n\n\n\n<p style=\"margin-top:0px;margin-bottom:0px;font-size:14px\"><strong>Salon des Vins et des Saveurs<\/strong><br>\ud83d\udcc6 Les 21 et 22 f\u00e9vrier 2026<br>\ud83d\udccdSalle de la forgerie<br>73160 Cognin<\/p>\n\n\n\n<div class=\"wp-block-buttons is-content-justification-center is-layout-flex wp-container-core-buttons-is-layout-a89b3969 wp-block-buttons-is-layout-flex\">\n<div class=\"wp-block-button is-style-outline is-style-outline--3\"><a class=\"wp-block-button__link has-ast-global-color-1-color has-text-color has-link-color wp-element-button\" href=\"https:\/\/www.grandchambery.fr\/tous-les-evenements\/salon-des-vins-et-saveurs-de-cognin-9eme-edition\">En savoir +<\/a><\/div>\n<\/div>\n<\/div>\n\n\n\n<div class=\"wp-block-uagb-container uagb-block-4de5f41f\">\n<figure style=\"margin-bottom:0px;padding-bottom:0px\" class=\"wp-block-video\"><video height=\"720\" style=\"aspect-ratio: 1280 \/ 720;\" width=\"1280\" autoplay loop muted src=\"http:\/\/www.domainedelepine.fr\/wp-content\/uploads\/2025\/05\/Design-sans-titre-1.mp4\" playsinline><\/video><\/figure>\n\n\n\n<h3 class=\"wp-block-heading has-text-align-center\">En Mai<\/h3>\n\n\n\n<p style=\"margin-top:0px;margin-bottom:0px;font-size:14px\">Vitiloire<br>\ud83d\udcc6 Les 30 &amp; 31 mai 2026<br>\ud83d\udccdjardin de la pr\u00e9fecture<br>37000 Tours<\/p>\n\n\n\n<div class=\"wp-block-buttons is-content-justification-center is-layout-flex wp-container-core-buttons-is-layout-a89b3969 wp-block-buttons-is-layout-flex\">\n<div class=\"wp-block-button is-style-outline is-style-outline--4\"><a class=\"wp-block-button__link has-ast-global-color-1-color has-text-color has-link-color wp-element-button\" href=\"https:\/\/www.eventseye.com\/fairs\/f-vitiloire-31775-0.html\">En savoir +<\/a><\/div>\n<\/div>\n<\/div>\n<\/div><\/div>\n\n\n\n<div class=\"wp-block-buttons is-content-justification-center is-layout-flex wp-container-core-buttons-is-layout-4a83e1c2 wp-block-buttons-is-layout-flex\" style=\"margin-top:30px;margin-bottom:30px\">\n<div class=\"wp-block-button\"><a class=\"wp-block-button__link wp-element-button\" href=\"https:\/\/www.domainedelepine.fr\/\/index.php\/actualites\/#dates\">Voir toutes les dates des Salons<\/a><\/div>\n<\/div>\n\n\n\n<div style=\"height:200px\" aria-hidden=\"true\" class=\"wp-block-spacer\"><\/div>\n\n\n\n<p><\/p>\n","protected":false},"excerpt":{"rendered":"<p>Bienvenue \u00e0 Quincy, l\u00e0 o\u00f9 tout a commenc\u00e9 pour moi.Je suis n\u00e9e ici, au c\u0153ur de cette appellation que je [&hellip;]<\/p>\n","protected":false},"author":1,"featured_media":0,"parent":0,"menu_order":0,"comment_status":"closed","ping_status":"closed","template":"","meta":{"_uag_custom_page_level_css":"","site-sidebar-layout":"default","site-content-layout":"","ast-site-content-layout":"","site-content-style":"default","site-sidebar-style":"default","ast-global-header-display":"","ast-banner-title-visibility":"","ast-main-header-display":"","ast-hfb-above-header-display":"","ast-hfb-below-header-display":"","ast-hfb-mobile-header-display":"","site-post-title":"disabled","ast-breadcrumbs-content":"","ast-featured-img":"","footer-sml-layout":"","ast-disable-related-posts":"","theme-transparent-header-meta":"","adv-header-id-meta":"","stick-header-meta":"","header-above-stick-meta":"","header-main-stick-meta":"","header-below-stick-meta":"","astra-migrate-meta-layouts":"default","ast-page-background-enabled":"default","ast-page-background-meta":{"desktop":{"background-color":"var(--ast-global-color-5)","background-image":"","background-repeat":"repeat","background-position":"center center","background-size":"auto","background-attachment":"scroll","background-type":"","background-media":"","overlay-type":"","overlay-color":"","overlay-opacity":"","overlay-gradient":""},"tablet":{"background-color":"","background-image":"","background-repeat":"repeat","background-position":"center center","background-size":"auto","background-attachment":"scroll","background-type":"","background-media":"","overlay-type":"","overlay-color":"","overlay-opacity":"","overlay-gradient":""},"mobile":{"background-color":"","background-image":"","background-repeat":"repeat","background-position":"center center","background-size":"auto","background-attachment":"scroll","background-type":"","background-media":"","overlay-type":"","overlay-color":"","overlay-opacity":"","overlay-gradient":""}},"ast-content-background-meta":{"desktop":{"background-color":"var(--ast-global-color-4)","background-image":"","background-repeat":"repeat","background-position":"center center","background-size":"auto","background-attachment":"scroll","background-type":"","background-media":"","overlay-type":"","overlay-color":"","overlay-opacity":"","overlay-gradient":""},"tablet":{"background-color":"var(--ast-global-color-4)","background-image":"","background-repeat":"repeat","background-position":"center center","background-size":"auto","background-attachment":"scroll","background-type":"","background-media":"","overlay-type":"","overlay-color":"","overlay-opacity":"","overlay-gradient":""},"mobile":{"background-color":"var(--ast-global-color-4)","background-image":"","background-repeat":"repeat","background-position":"center center","background-size":"auto","background-attachment":"scroll","background-type":"","background-media":"","overlay-type":"","overlay-color":"","overlay-opacity":"","overlay-gradient":""}},"footnotes":""},"class_list":["post-15","page","type-page","status-publish","hentry"],"yoast_head":"<!-- This site is optimized with the Yoast SEO plugin v26.9 - https:\/\/yoast.com\/product\/yoast-seo-wordpress\/ -->\n<title>Accueil -<\/title>\n<meta name=\"description\" content=\"page d&#039;accueil du domaine viticole familial dans l&#039;AOC Quincy en centre Loire. Nous avons de 8 hectares de parcelle 100% biologique.\" \/>\n<meta name=\"robots\" content=\"index, follow, max-snippet:-1, max-image-preview:large, max-video-preview:-1\" \/>\n<link rel=\"canonical\" href=\"https:\/\/www.domainedelepine.fr\/\" \/>\n<meta property=\"og:locale\" content=\"fr_FR\" \/>\n<meta property=\"og:type\" content=\"article\" \/>\n<meta property=\"og:title\" content=\"Accueil -\" \/>\n<meta property=\"og:description\" content=\"page d&#039;accueil du domaine viticole familial dans l&#039;AOC Quincy en centre Loire. Nous avons de 8 hectares de parcelle 100% biologique.\" \/>\n<meta property=\"og:url\" content=\"https:\/\/www.domainedelepine.fr\/\" \/>\n<meta property=\"article:modified_time\" content=\"2026-02-12T16:55:06+00:00\" \/>\n<meta property=\"og:image\" content=\"https:\/\/www.domainedelepine.fr\/wp-content\/uploads\/2025\/05\/IMG_2075.jpeg\" \/>\n\t<meta property=\"og:image:width\" content=\"2048\" \/>\n\t<meta property=\"og:image:height\" content=\"1536\" \/>\n\t<meta property=\"og:image:type\" content=\"image\/jpeg\" \/>\n<meta name=\"twitter:card\" content=\"summary_large_image\" \/>\n<meta name=\"twitter:label1\" content=\"Dur\u00e9e de lecture estim\u00e9e\" \/>\n\t<meta name=\"twitter:data1\" content=\"2 minutes\" \/>\n<script type=\"application\/ld+json\" class=\"yoast-schema-graph\">{\"@context\":\"https:\/\/schema.org\",\"@graph\":[{\"@type\":\"WebPage\",\"@id\":\"https:\/\/www.domainedelepine.fr\/\",\"url\":\"https:\/\/www.domainedelepine.fr\/\",\"name\":\"Accueil -\",\"isPartOf\":{\"@id\":\"https:\/\/www.domainedelepine.fr\/#website\"},\"primaryImageOfPage\":{\"@id\":\"https:\/\/www.domainedelepine.fr\/#primaryimage\"},\"image\":{\"@id\":\"https:\/\/www.domainedelepine.fr\/#primaryimage\"},\"thumbnailUrl\":\"https:\/\/www.domainedelepine.fr\/prod\/wp-content\/uploads\/2025\/05\/IMG_2075-1024x768.jpeg\",\"datePublished\":\"2025-05-12T13:12:38+00:00\",\"dateModified\":\"2026-02-12T16:55:06+00:00\",\"description\":\"page d'accueil du domaine viticole familial dans l'AOC Quincy en centre Loire. Nous avons de 8 hectares de parcelle 100% biologique.\",\"breadcrumb\":{\"@id\":\"https:\/\/www.domainedelepine.fr\/#breadcrumb\"},\"inLanguage\":\"fr-FR\",\"potentialAction\":[{\"@type\":\"ReadAction\",\"target\":[\"https:\/\/www.domainedelepine.fr\/\"]}]},{\"@type\":\"ImageObject\",\"inLanguage\":\"fr-FR\",\"@id\":\"https:\/\/www.domainedelepine.fr\/#primaryimage\",\"url\":\"https:\/\/www.domainedelepine.fr\/wp-content\/uploads\/2025\/05\/IMG_2075.jpeg\",\"contentUrl\":\"https:\/\/www.domainedelepine.fr\/wp-content\/uploads\/2025\/05\/IMG_2075.jpeg\",\"width\":2048,\"height\":1536,\"caption\":\"parcelle de vigne au lever du soleil\"},{\"@type\":\"BreadcrumbList\",\"@id\":\"https:\/\/www.domainedelepine.fr\/#breadcrumb\",\"itemListElement\":[{\"@type\":\"ListItem\",\"position\":1,\"name\":\"Accueil\",\"item\":\"https:\/\/www.domainedelepine.fr\/\"},{\"@type\":\"ListItem\",\"position\":2,\"name\":\"Accueil\"}]},{\"@type\":\"WebSite\",\"@id\":\"https:\/\/www.domainedelepine.fr\/#website\",\"url\":\"https:\/\/www.domainedelepine.fr\/\",\"name\":\"\",\"description\":\"Domaine de l&#039;\u00c9pine\",\"potentialAction\":[{\"@type\":\"SearchAction\",\"target\":{\"@type\":\"EntryPoint\",\"urlTemplate\":\"https:\/\/www.domainedelepine.fr\/?s={search_term_string}\"},\"query-input\":{\"@type\":\"PropertyValueSpecification\",\"valueRequired\":true,\"valueName\":\"search_term_string\"}}],\"inLanguage\":\"fr-FR\"}]}<\/script>\n<!-- \/ Yoast SEO plugin. -->","yoast_head_json":{"title":"Accueil -","description":"page d'accueil du domaine viticole familial dans l'AOC Quincy en centre Loire. Nous avons de 8 hectares de parcelle 100% biologique.","robots":{"index":"index","follow":"follow","max-snippet":"max-snippet:-1","max-image-preview":"max-image-preview:large","max-video-preview":"max-video-preview:-1"},"canonical":"https:\/\/www.domainedelepine.fr\/","og_locale":"fr_FR","og_type":"article","og_title":"Accueil -","og_description":"page d'accueil du domaine viticole familial dans l'AOC Quincy en centre Loire. Nous avons de 8 hectares de parcelle 100% biologique.","og_url":"https:\/\/www.domainedelepine.fr\/","article_modified_time":"2026-02-12T16:55:06+00:00","og_image":[{"width":2048,"height":1536,"url":"https:\/\/www.domainedelepine.fr\/wp-content\/uploads\/2025\/05\/IMG_2075.jpeg","type":"image\/jpeg"}],"twitter_card":"summary_large_image","twitter_misc":{"Dur\u00e9e de lecture estim\u00e9e":"2 minutes"},"schema":{"@context":"https:\/\/schema.org","@graph":[{"@type":"WebPage","@id":"https:\/\/www.domainedelepine.fr\/","url":"https:\/\/www.domainedelepine.fr\/","name":"Accueil -","isPartOf":{"@id":"https:\/\/www.domainedelepine.fr\/#website"},"primaryImageOfPage":{"@id":"https:\/\/www.domainedelepine.fr\/#primaryimage"},"image":{"@id":"https:\/\/www.domainedelepine.fr\/#primaryimage"},"thumbnailUrl":"https:\/\/www.domainedelepine.fr\/prod\/wp-content\/uploads\/2025\/05\/IMG_2075-1024x768.jpeg","datePublished":"2025-05-12T13:12:38+00:00","dateModified":"2026-02-12T16:55:06+00:00","description":"page d'accueil du domaine viticole familial dans l'AOC Quincy en centre Loire. Nous avons de 8 hectares de parcelle 100% biologique.","breadcrumb":{"@id":"https:\/\/www.domainedelepine.fr\/#breadcrumb"},"inLanguage":"fr-FR","potentialAction":[{"@type":"ReadAction","target":["https:\/\/www.domainedelepine.fr\/"]}]},{"@type":"ImageObject","inLanguage":"fr-FR","@id":"https:\/\/www.domainedelepine.fr\/#primaryimage","url":"https:\/\/www.domainedelepine.fr\/wp-content\/uploads\/2025\/05\/IMG_2075.jpeg","contentUrl":"https:\/\/www.domainedelepine.fr\/wp-content\/uploads\/2025\/05\/IMG_2075.jpeg","width":2048,"height":1536,"caption":"parcelle de vigne au lever du soleil"},{"@type":"BreadcrumbList","@id":"https:\/\/www.domainedelepine.fr\/#breadcrumb","itemListElement":[{"@type":"ListItem","position":1,"name":"Accueil","item":"https:\/\/www.domainedelepine.fr\/"},{"@type":"ListItem","position":2,"name":"Accueil"}]},{"@type":"WebSite","@id":"https:\/\/www.domainedelepine.fr\/#website","url":"https:\/\/www.domainedelepine.fr\/","name":"","description":"Domaine de l&#039;\u00c9pine","potentialAction":[{"@type":"SearchAction","target":{"@type":"EntryPoint","urlTemplate":"https:\/\/www.domainedelepine.fr\/?s={search_term_string}"},"query-input":{"@type":"PropertyValueSpecification","valueRequired":true,"valueName":"search_term_string"}}],"inLanguage":"fr-FR"}]}},"uagb_featured_image_src":{"full":false,"thumbnail":false,"medium":false,"medium_large":false,"large":false,"1536x1536":false,"2048x2048":false},"uagb_author_info":{"display_name":"domaief","author_link":"https:\/\/www.domainedelepine.fr\/index.php\/author\/domaief\/"},"uagb_comment_info":0,"uagb_excerpt":"Bienvenue \u00e0 Quincy, l\u00e0 o\u00f9 tout a commenc\u00e9 pour moi.Je suis n\u00e9e ici, au c\u0153ur de cette appellation que je [&hellip;]","_links":{"self":[{"href":"https:\/\/www.domainedelepine.fr\/index.php\/wp-json\/wp\/v2\/pages\/15","targetHints":{"allow":["GET"]}}],"collection":[{"href":"https:\/\/www.domainedelepine.fr\/index.php\/wp-json\/wp\/v2\/pages"}],"about":[{"href":"https:\/\/www.domainedelepine.fr\/index.php\/wp-json\/wp\/v2\/types\/page"}],"author":[{"embeddable":true,"href":"https:\/\/www.domainedelepine.fr\/index.php\/wp-json\/wp\/v2\/users\/1"}],"replies":[{"embeddable":true,"href":"https:\/\/www.domainedelepine.fr\/index.php\/wp-json\/wp\/v2\/comments?post=15"}],"version-history":[{"count":206,"href":"https:\/\/www.domainedelepine.fr\/index.php\/wp-json\/wp\/v2\/pages\/15\/revisions"}],"predecessor-version":[{"id":1342,"href":"https:\/\/www.domainedelepine.fr\/index.php\/wp-json\/wp\/v2\/pages\/15\/revisions\/1342"}],"wp:attachment":[{"href":"https:\/\/www.domainedelepine.fr\/index.php\/wp-json\/wp\/v2\/media?parent=15"}],"curies":[{"name":"wp","href":"https:\/\/api.w.org\/{rel}","templated":true}]}}